{"id":19,"date":"2022-05-29T09:26:56","date_gmt":"2022-05-29T09:26:56","guid":{"rendered":"https:\/\/sicintelligence.com\/?page_id=19"},"modified":"2022-07-25T12:45:33","modified_gmt":"2022-07-25T12:45:33","slug":"about","status":"publish","type":"page","link":"https:\/\/sicintelligence.com\/de\/about\/","title":{"rendered":"Um"},"content":{"rendered":"<div data-elementor-type=\"wp-page\" data-elementor-id=\"19\" class=\"elementor elementor-19\" data-elementor-post-type=\"page\">\n\t\t\t\t\t\t<section class=\"elementor-section elementor-top-section elementor-element elementor-element-27b0b2c elementor-section-height-min-height elementor-section-boxed elementor-section-height-default elementor-section-items-middle\" data-id=\"27b0b2c\" data-element_type=\"section\" data-e-type=\"section\" data-settings=\"{&quot;background_background&quot;:&quot;classic&quot;}\">\n\t\t\t\t\t\t\t<div class=\"elementor-background-overlay\"><\/div>\n\t\t\t\t\t\t\t<div class=\"elementor-container elementor-column-gap-default\">\n\t\t\t\t\t<div class=\"elementor-column elementor-col-100 elementor-top-column elementor-element elementor-element-5481840\" data-id=\"5481840\" data-element_type=\"column\" data-e-type=\"column\">\n\t\t\t<div class=\"elementor-widget-wrap elementor-element-populated\">\n\t\t\t\t\t\t<div class=\"elementor-element elementor-element-b919b2b elementor-widget elementor-widget-heading\" data-id=\"b919b2b\" data-element_type=\"widget\" data-e-type=\"widget\" data-widget_type=\"heading.default\">\n\t\t\t\t<div class=\"elementor-widget-container\">\n\t\t\t\t\t<h2 class=\"elementor-heading-title elementor-size-default\">Um<\/h2>\t\t\t\t<\/div>\n\t\t\t\t<\/div>\n\t\t\t\t\t<\/div>\n\t\t<\/div>\n\t\t\t\t\t<\/div>\n\t\t<\/section>\n\t\t\t\t<section class=\"elementor-section elementor-top-section elementor-element elementor-element-ea1873a elementor-section-boxed elementor-section-height-default elementor-section-height-default\" data-id=\"ea1873a\" data-element_type=\"section\" data-e-type=\"section\">\n\t\t\t\t\t\t<div class=\"elementor-container elementor-column-gap-default\">\n\t\t\t\t\t<div class=\"elementor-column elementor-col-50 elementor-top-column elementor-element elementor-element-d9dcb24 elementor-invisible\" data-id=\"d9dcb24\" data-element_type=\"column\" data-e-type=\"column\" data-settings=\"{&quot;animation&quot;:&quot;slideInUp&quot;,&quot;animation_delay&quot;:800}\">\n\t\t\t<div class=\"elementor-widget-wrap elementor-element-populated\">\n\t\t\t\t\t\t<div class=\"elementor-element elementor-element-49e8cd6 elementor-widget elementor-widget-text-editor\" data-id=\"49e8cd6\" data-element_type=\"widget\" data-e-type=\"widget\" data-widget_type=\"text-editor.default\">\n\t\t\t\t<div class=\"elementor-widget-container\">\n\t\t\t\t\t\t\t\t\t<p>Das SIC-Informationszentrum ist ein privater Geheimdienst, der sich mit der Erfassung, Verarbeitung und Analyse von Informationen im gesch\u00e4ftlichen und privaten Bereich befasst. <br \/>Die Organisation agiert als privater Geheimdienst, der eine S\u00e4ule in der Welt der Nachrichtendienste darstellt und eine breite Palette von L\u00f6sungen f\u00fcr Regierungen, Geheimdienste, Organisationen und Unternehmen anbietet. <br \/>Die Agentur verf\u00fcgt \u00fcber eine erweiterte Toolbox f\u00fcr den Umgang mit allen Arten von Informationen und bietet eine Vielzahl von L\u00f6sungen im Finanz-, Gesch\u00e4fts- und Privatbereich an. <br \/>Innerhalb der Agentur arbeitet ein Team aus der gesamten Geheimdienstgemeinschaft, f\u00fchrenden Cyber- und Technologieexperten und strategischen Beratern. <br \/>Die Agentur ist weltweit t\u00e4tig und bietet Geheimdienst- und Cyber-L\u00f6sungen im Rahmen spezieller Operationen an, w\u00e4hrend sie vertraulich bleibt, um Kunden und professionelles Kapital zu sch\u00fctzen.<br \/>Die SIC Group handelt mit absoluter Diskretion und bietet unseren Kunden Iron Dome-Schutz.<\/p>\t\t\t\t\t\t\t\t<\/div>\n\t\t\t\t<\/div>\n\t\t\t\t\t<\/div>\n\t\t<\/div>\n\t\t\t\t<div class=\"elementor-column elementor-col-50 elementor-top-column elementor-element elementor-element-c000cfe\" data-id=\"c000cfe\" data-element_type=\"column\" data-e-type=\"column\">\n\t\t\t<div class=\"elementor-widget-wrap elementor-element-populated\">\n\t\t\t\t\t\t<div class=\"elementor-element elementor-element-e4aa936 elementor-invisible elementor-widget elementor-widget-heading\" data-id=\"e4aa936\" data-element_type=\"widget\" data-e-type=\"widget\" data-settings=\"{&quot;_animation&quot;:&quot;slideInLeft&quot;}\" data-widget_type=\"heading.default\">\n\t\t\t\t<div class=\"elementor-widget-container\">\n\t\t\t\t\t<h2 class=\"elementor-heading-title elementor-size-default\">Wir erreichen, was andere nicht erreichen k\u00f6nnen und gehen dorthin, wo andere nicht hinkommen\n<\/h2>\t\t\t\t<\/div>\n\t\t\t\t<\/div>\n\t\t\t\t<div class=\"elementor-element elementor-element-9ee4194 elementor-widget elementor-widget-video\" data-id=\"9ee4194\" data-element_type=\"widget\" data-e-type=\"widget\" data-settings=\"{&quot;video_type&quot;:&quot;hosted&quot;,&quot;autoplay&quot;:&quot;yes&quot;,&quot;play_on_mobile&quot;:&quot;yes&quot;,&quot;loop&quot;:&quot;yes&quot;,&quot;controls&quot;:&quot;yes&quot;}\" data-widget_type=\"video.default\">\n\t\t\t\t<div class=\"elementor-widget-container\">\n\t\t\t\t\t\t\t<div class=\"e-hosted-video elementor-wrapper elementor-open-inline\">\n\t\t\t\t\t<video class=\"elementor-video\" src=\"https:\/\/sicintelligence.com\/wp-content\/uploads\/2022\/05\/Social-Networks-79581.mp4\" autoplay=\"\" loop=\"\" controls=\"\" playsinline=\"\" controlslist=\"nodownload\"><\/video>\n\t\t\t\t<\/div>\n\t\t\t\t\t\t<\/div>\n\t\t\t\t<\/div>\n\t\t\t\t\t<\/div>\n\t\t<\/div>\n\t\t\t\t\t<\/div>\n\t\t<\/section>\n\t\t\t\t<\/div>","protected":false},"excerpt":{"rendered":"<p>SIC information center is a private intelligence agency that deals with gathering processing and analyzing information in the business and private sectors. The organization operates as a private intelligence agency that is a pillar in the world of the intelligence community and provides a wide range of solutions to governments, intelligence agencies, organizations and companies. [&hellip;]<\/p>\n","protected":false},"author":1,"featured_media":0,"parent":0,"menu_order":0,"comment_status":"closed","ping_status":"closed","template":"elementor_header_footer","meta":{"footnotes":""},"class_list":["post-19","page","type-page","status-publish","hentry"],"yoast_head":"<!-- This site is optimized with the Yoast SEO plugin v27.4 - https:\/\/yoast.com\/product\/yoast-seo-wordpress\/ -->\n<title>About - SIC About<\/title>\n<meta name=\"description\" content=\"intelligence agency, business intelligence, intelligence agency Europe and worldwide, private intelligence agency, private investigation. SIC, sicintelligence\" \/>\n<meta name=\"robots\" content=\"index, follow, max-snippet:-1, max-image-preview:large, max-video-preview:-1\" \/>\n<link rel=\"canonical\" href=\"https:\/\/sicintelligence.com\/de\/about\/\" \/>\n<meta property=\"og:locale\" content=\"de_DE\" \/>\n<meta property=\"og:type\" content=\"article\" \/>\n<meta property=\"og:title\" content=\"About - SIC About\" \/>\n<meta property=\"og:description\" content=\"intelligence agency, business intelligence, intelligence agency Europe and worldwide, private intelligence agency, private investigation. SIC, sicintelligence\" \/>\n<meta property=\"og:url\" content=\"https:\/\/sicintelligence.com\/de\/about\/\" \/>\n<meta property=\"og:site_name\" content=\"SIC\" \/>\n<meta property=\"article:modified_time\" content=\"2022-07-25T12:45:33+00:00\" \/>\n<meta name=\"twitter:card\" content=\"summary_large_image\" \/>\n<meta name=\"twitter:label1\" content=\"Gesch\u00e4tzte Lesezeit\" \/>\n\t<meta name=\"twitter:data1\" content=\"1\u00a0Minute\" \/>\n<script type=\"application\/ld+json\" class=\"yoast-schema-graph\">{\"@context\":\"https:\\\/\\\/schema.org\",\"@graph\":[{\"@type\":\"WebPage\",\"@id\":\"https:\\\/\\\/sicintelligence.com\\\/about\\\/\",\"url\":\"https:\\\/\\\/sicintelligence.com\\\/about\\\/\",\"name\":\"About - SIC About\",\"isPartOf\":{\"@id\":\"https:\\\/\\\/sicintelligence.com\\\/#website\"},\"datePublished\":\"2022-05-29T09:26:56+00:00\",\"dateModified\":\"2022-07-25T12:45:33+00:00\",\"description\":\"intelligence agency, business intelligence, intelligence agency Europe and worldwide, private intelligence agency, private investigation. SIC, sicintelligence\",\"breadcrumb\":{\"@id\":\"https:\\\/\\\/sicintelligence.com\\\/about\\\/#breadcrumb\"},\"inLanguage\":\"de\",\"potentialAction\":[{\"@type\":\"ReadAction\",\"target\":[\"https:\\\/\\\/sicintelligence.com\\\/about\\\/\"]}]},{\"@type\":\"BreadcrumbList\",\"@id\":\"https:\\\/\\\/sicintelligence.com\\\/about\\\/#breadcrumb\",\"itemListElement\":[{\"@type\":\"ListItem\",\"position\":1,\"name\":\"Home\",\"item\":\"https:\\\/\\\/sicintelligence.com\\\/\"},{\"@type\":\"ListItem\",\"position\":2,\"name\":\"About\"}]},{\"@type\":\"WebSite\",\"@id\":\"https:\\\/\\\/sicintelligence.com\\\/#website\",\"url\":\"https:\\\/\\\/sicintelligence.com\\\/\",\"name\":\"SIC\",\"description\":\"SECURITY  INTELLIGENCE  CYBER\",\"publisher\":{\"@id\":\"https:\\\/\\\/sicintelligence.com\\\/#organization\"},\"potentialAction\":[{\"@type\":\"SearchAction\",\"target\":{\"@type\":\"EntryPoint\",\"urlTemplate\":\"https:\\\/\\\/sicintelligence.com\\\/?s={search_term_string}\"},\"query-input\":{\"@type\":\"PropertyValueSpecification\",\"valueRequired\":true,\"valueName\":\"search_term_string\"}}],\"inLanguage\":\"de\"},{\"@type\":\"Organization\",\"@id\":\"https:\\\/\\\/sicintelligence.com\\\/#organization\",\"name\":\"SIC\",\"url\":\"https:\\\/\\\/sicintelligence.com\\\/\",\"logo\":{\"@type\":\"ImageObject\",\"inLanguage\":\"de\",\"@id\":\"https:\\\/\\\/sicintelligence.com\\\/#\\\/schema\\\/logo\\\/image\\\/\",\"url\":\"https:\\\/\\\/sicintelligence.com\\\/wp-content\\\/uploads\\\/2024\\\/03\\\/logo-main.png\",\"contentUrl\":\"https:\\\/\\\/sicintelligence.com\\\/wp-content\\\/uploads\\\/2024\\\/03\\\/logo-main.png\",\"width\":800,\"height\":800,\"caption\":\"SIC\"},\"image\":{\"@id\":\"https:\\\/\\\/sicintelligence.com\\\/#\\\/schema\\\/logo\\\/image\\\/\"}}]}<\/script>\n<!-- \/ Yoast SEO plugin. -->","yoast_head_json":{"title":"About - SIC About","description":"intelligence agency, business intelligence, intelligence agency Europe and worldwide, private intelligence agency, private investigation. SIC, sicintelligence","robots":{"index":"index","follow":"follow","max-snippet":"max-snippet:-1","max-image-preview":"max-image-preview:large","max-video-preview":"max-video-preview:-1"},"canonical":"https:\/\/sicintelligence.com\/de\/about\/","og_locale":"de_DE","og_type":"article","og_title":"About - SIC About","og_description":"intelligence agency, business intelligence, intelligence agency Europe and worldwide, private intelligence agency, private investigation. SIC, sicintelligence","og_url":"https:\/\/sicintelligence.com\/de\/about\/","og_site_name":"SIC","article_modified_time":"2022-07-25T12:45:33+00:00","twitter_card":"summary_large_image","twitter_misc":{"Gesch\u00e4tzte Lesezeit":"1\u00a0Minute"},"schema":{"@context":"https:\/\/schema.org","@graph":[{"@type":"WebPage","@id":"https:\/\/sicintelligence.com\/about\/","url":"https:\/\/sicintelligence.com\/about\/","name":"About - SIC About","isPartOf":{"@id":"https:\/\/sicintelligence.com\/#website"},"datePublished":"2022-05-29T09:26:56+00:00","dateModified":"2022-07-25T12:45:33+00:00","description":"intelligence agency, business intelligence, intelligence agency Europe and worldwide, private intelligence agency, private investigation. SIC, sicintelligence","breadcrumb":{"@id":"https:\/\/sicintelligence.com\/about\/#breadcrumb"},"inLanguage":"de","potentialAction":[{"@type":"ReadAction","target":["https:\/\/sicintelligence.com\/about\/"]}]},{"@type":"BreadcrumbList","@id":"https:\/\/sicintelligence.com\/about\/#breadcrumb","itemListElement":[{"@type":"ListItem","position":1,"name":"Home","item":"https:\/\/sicintelligence.com\/"},{"@type":"ListItem","position":2,"name":"About"}]},{"@type":"WebSite","@id":"https:\/\/sicintelligence.com\/#website","url":"https:\/\/sicintelligence.com\/","name":"SIC","description":"SECURITY  INTELLIGENCE  CYBER","publisher":{"@id":"https:\/\/sicintelligence.com\/#organization"},"potentialAction":[{"@type":"SearchAction","target":{"@type":"EntryPoint","urlTemplate":"https:\/\/sicintelligence.com\/?s={search_term_string}"},"query-input":{"@type":"PropertyValueSpecification","valueRequired":true,"valueName":"search_term_string"}}],"inLanguage":"de"},{"@type":"Organization","@id":"https:\/\/sicintelligence.com\/#organization","name":"SIC","url":"https:\/\/sicintelligence.com\/","logo":{"@type":"ImageObject","inLanguage":"de","@id":"https:\/\/sicintelligence.com\/#\/schema\/logo\/image\/","url":"https:\/\/sicintelligence.com\/wp-content\/uploads\/2024\/03\/logo-main.png","contentUrl":"https:\/\/sicintelligence.com\/wp-content\/uploads\/2024\/03\/logo-main.png","width":800,"height":800,"caption":"SIC"},"image":{"@id":"https:\/\/sicintelligence.com\/#\/schema\/logo\/image\/"}}]}},"_links":{"self":[{"href":"https:\/\/sicintelligence.com\/de\/wp-json\/wp\/v2\/pages\/19","targetHints":{"allow":["GET"]}}],"collection":[{"href":"https:\/\/sicintelligence.com\/de\/wp-json\/wp\/v2\/pages"}],"about":[{"href":"https:\/\/sicintelligence.com\/de\/wp-json\/wp\/v2\/types\/page"}],"author":[{"embeddable":true,"href":"https:\/\/sicintelligence.com\/de\/wp-json\/wp\/v2\/users\/1"}],"replies":[{"embeddable":true,"href":"https:\/\/sicintelligence.com\/de\/wp-json\/wp\/v2\/comments?post=19"}],"version-history":[{"count":96,"href":"https:\/\/sicintelligence.com\/de\/wp-json\/wp\/v2\/pages\/19\/revisions"}],"predecessor-version":[{"id":1593,"href":"https:\/\/sicintelligence.com\/de\/wp-json\/wp\/v2\/pages\/19\/revisions\/1593"}],"wp:attachment":[{"href":"https:\/\/sicintelligence.com\/de\/wp-json\/wp\/v2\/media?parent=19"}],"curies":[{"name":"wp","href":"https:\/\/api.w.org\/{rel}","templated":true}]}}