{"id":19,"date":"2022-05-29T09:26:56","date_gmt":"2022-05-29T09:26:56","guid":{"rendered":"https:\/\/sicintelligence.com\/?page_id=19"},"modified":"2022-07-25T12:45:33","modified_gmt":"2022-07-25T12:45:33","slug":"about","status":"publish","type":"page","link":"https:\/\/sicintelligence.com\/fr\/about\/","title":{"rendered":"\u00c0 propos de"},"content":{"rendered":"<div data-elementor-type=\"wp-page\" data-elementor-id=\"19\" class=\"elementor elementor-19\" data-elementor-post-type=\"page\">\n\t\t\t\t\t\t<section class=\"elementor-section elementor-top-section elementor-element elementor-element-27b0b2c elementor-section-height-min-height elementor-section-boxed elementor-section-height-default elementor-section-items-middle\" data-id=\"27b0b2c\" data-element_type=\"section\" data-e-type=\"section\" data-settings=\"{&quot;background_background&quot;:&quot;classic&quot;}\">\n\t\t\t\t\t\t\t<div class=\"elementor-background-overlay\"><\/div>\n\t\t\t\t\t\t\t<div class=\"elementor-container elementor-column-gap-default\">\n\t\t\t\t\t<div class=\"elementor-column elementor-col-100 elementor-top-column elementor-element elementor-element-5481840\" data-id=\"5481840\" data-element_type=\"column\" data-e-type=\"column\">\n\t\t\t<div class=\"elementor-widget-wrap elementor-element-populated\">\n\t\t\t\t\t\t<div class=\"elementor-element elementor-element-b919b2b elementor-widget elementor-widget-heading\" data-id=\"b919b2b\" data-element_type=\"widget\" data-e-type=\"widget\" data-widget_type=\"heading.default\">\n\t\t\t\t<div class=\"elementor-widget-container\">\n\t\t\t\t\t<h2 class=\"elementor-heading-title elementor-size-default\">\u00c0 propos de<\/h2>\t\t\t\t<\/div>\n\t\t\t\t<\/div>\n\t\t\t\t\t<\/div>\n\t\t<\/div>\n\t\t\t\t\t<\/div>\n\t\t<\/section>\n\t\t\t\t<section class=\"elementor-section elementor-top-section elementor-element elementor-element-ea1873a elementor-section-boxed elementor-section-height-default elementor-section-height-default\" data-id=\"ea1873a\" data-element_type=\"section\" data-e-type=\"section\">\n\t\t\t\t\t\t<div class=\"elementor-container elementor-column-gap-default\">\n\t\t\t\t\t<div class=\"elementor-column elementor-col-50 elementor-top-column elementor-element elementor-element-d9dcb24 elementor-invisible\" data-id=\"d9dcb24\" data-element_type=\"column\" data-e-type=\"column\" data-settings=\"{&quot;animation&quot;:&quot;slideInUp&quot;,&quot;animation_delay&quot;:800}\">\n\t\t\t<div class=\"elementor-widget-wrap elementor-element-populated\">\n\t\t\t\t\t\t<div class=\"elementor-element elementor-element-49e8cd6 elementor-widget elementor-widget-text-editor\" data-id=\"49e8cd6\" data-element_type=\"widget\" data-e-type=\"widget\" data-widget_type=\"text-editor.default\">\n\t\t\t\t<div class=\"elementor-widget-container\">\n\t\t\t\t\t\t\t\t\t<p>Le centre d&#039;information SIC est une agence de renseignement priv\u00e9e qui s&#039;occupe de la collecte, du traitement et de l&#039;analyse des informations dans les secteurs priv\u00e9 et commercial. <br \/>L&#039;organisation fonctionne comme une agence de renseignement priv\u00e9e qui est un pilier dans le monde de la communaut\u00e9 du renseignement et fournit une large gamme de solutions aux gouvernements, agences de renseignement, organisations et entreprises. <br \/>L&#039;agence dispose d&#039;une bo\u00eete \u00e0 outils \u00e9tendue pour traiter tous les types d&#039;informations et propose une vari\u00e9t\u00e9 de solutions dans les secteurs financier, commercial et priv\u00e9. <br \/>Au sein de l&#039;agence, op\u00e8re une \u00e9quipe compos\u00e9e de l&#039;ensemble de la communaut\u00e9 du renseignement, des consultants personnels et strat\u00e9giques en cyber et technologie. <br \/>L&#039;agence op\u00e8re dans le monde entier et fournit des solutions de renseignement et de cyber dans le cadre d&#039;op\u00e9rations sp\u00e9ciales tout en maintenant la confidentialit\u00e9 pour prot\u00e9ger les clients et le capital professionnel.<br \/>SIC Group op\u00e8re en toute discr\u00e9tion et fournit une protection Iron Dome \u00e0 nos clients.<\/p>\t\t\t\t\t\t\t\t<\/div>\n\t\t\t\t<\/div>\n\t\t\t\t\t<\/div>\n\t\t<\/div>\n\t\t\t\t<div class=\"elementor-column elementor-col-50 elementor-top-column elementor-element elementor-element-c000cfe\" data-id=\"c000cfe\" data-element_type=\"column\" data-e-type=\"column\">\n\t\t\t<div class=\"elementor-widget-wrap elementor-element-populated\">\n\t\t\t\t\t\t<div class=\"elementor-element elementor-element-e4aa936 elementor-invisible elementor-widget elementor-widget-heading\" data-id=\"e4aa936\" data-element_type=\"widget\" data-e-type=\"widget\" data-settings=\"{&quot;_animation&quot;:&quot;slideInLeft&quot;}\" data-widget_type=\"heading.default\">\n\t\t\t\t<div class=\"elementor-widget-container\">\n\t\t\t\t\t<h2 class=\"elementor-heading-title elementor-size-default\">Nous r\u00e9alisons ce que les autres ne peuvent pas r\u00e9aliser et allons l\u00e0 o\u00f9 les autres ne peuvent pas aller\n<\/h2>\t\t\t\t<\/div>\n\t\t\t\t<\/div>\n\t\t\t\t<div class=\"elementor-element elementor-element-9ee4194 elementor-widget elementor-widget-video\" data-id=\"9ee4194\" data-element_type=\"widget\" data-e-type=\"widget\" data-settings=\"{&quot;video_type&quot;:&quot;hosted&quot;,&quot;autoplay&quot;:&quot;yes&quot;,&quot;play_on_mobile&quot;:&quot;yes&quot;,&quot;loop&quot;:&quot;yes&quot;,&quot;controls&quot;:&quot;yes&quot;}\" data-widget_type=\"video.default\">\n\t\t\t\t<div class=\"elementor-widget-container\">\n\t\t\t\t\t\t\t<div class=\"e-hosted-video elementor-wrapper elementor-open-inline\">\n\t\t\t\t\t<video class=\"elementor-video\" src=\"https:\/\/sicintelligence.com\/wp-content\/uploads\/2022\/05\/Social-Networks-79581.mp4\" autoplay=\"\" loop=\"\" controls=\"\" playsinline=\"\" controlslist=\"nodownload\"><\/video>\n\t\t\t\t<\/div>\n\t\t\t\t\t\t<\/div>\n\t\t\t\t<\/div>\n\t\t\t\t\t<\/div>\n\t\t<\/div>\n\t\t\t\t\t<\/div>\n\t\t<\/section>\n\t\t\t\t<\/div>","protected":false},"excerpt":{"rendered":"<p>SIC information center is a private intelligence agency that deals with gathering processing and analyzing information in the business and private sectors. The organization operates as a private intelligence agency that is a pillar in the world of the intelligence community and provides a wide range of solutions to governments, intelligence agencies, organizations and companies. [&hellip;]<\/p>\n","protected":false},"author":1,"featured_media":0,"parent":0,"menu_order":0,"comment_status":"closed","ping_status":"closed","template":"elementor_header_footer","meta":{"footnotes":""},"class_list":["post-19","page","type-page","status-publish","hentry"],"yoast_head":"<!-- This site is optimized with the Yoast SEO plugin v27.4 - https:\/\/yoast.com\/product\/yoast-seo-wordpress\/ -->\n<title>About - SIC About<\/title>\n<meta name=\"description\" content=\"intelligence agency, business intelligence, intelligence agency Europe and worldwide, private intelligence agency, private investigation. SIC, sicintelligence\" \/>\n<meta name=\"robots\" content=\"index, follow, max-snippet:-1, max-image-preview:large, max-video-preview:-1\" \/>\n<link rel=\"canonical\" href=\"https:\/\/sicintelligence.com\/fr\/about\/\" \/>\n<meta property=\"og:locale\" content=\"fr_FR\" \/>\n<meta property=\"og:type\" content=\"article\" \/>\n<meta property=\"og:title\" content=\"About - SIC About\" \/>\n<meta property=\"og:description\" content=\"intelligence agency, business intelligence, intelligence agency Europe and worldwide, private intelligence agency, private investigation. SIC, sicintelligence\" \/>\n<meta property=\"og:url\" content=\"https:\/\/sicintelligence.com\/fr\/about\/\" \/>\n<meta property=\"og:site_name\" content=\"SIC\" \/>\n<meta property=\"article:modified_time\" content=\"2022-07-25T12:45:33+00:00\" \/>\n<meta name=\"twitter:card\" content=\"summary_large_image\" \/>\n<meta name=\"twitter:label1\" content=\"Dur\u00e9e de lecture estim\u00e9e\" \/>\n\t<meta name=\"twitter:data1\" content=\"1 minute\" \/>\n<script type=\"application\/ld+json\" class=\"yoast-schema-graph\">{\"@context\":\"https:\\\/\\\/schema.org\",\"@graph\":[{\"@type\":\"WebPage\",\"@id\":\"https:\\\/\\\/sicintelligence.com\\\/about\\\/\",\"url\":\"https:\\\/\\\/sicintelligence.com\\\/about\\\/\",\"name\":\"About - SIC About\",\"isPartOf\":{\"@id\":\"https:\\\/\\\/sicintelligence.com\\\/#website\"},\"datePublished\":\"2022-05-29T09:26:56+00:00\",\"dateModified\":\"2022-07-25T12:45:33+00:00\",\"description\":\"intelligence agency, business intelligence, intelligence agency Europe and worldwide, private intelligence agency, private investigation. SIC, sicintelligence\",\"breadcrumb\":{\"@id\":\"https:\\\/\\\/sicintelligence.com\\\/about\\\/#breadcrumb\"},\"inLanguage\":\"fr-FR\",\"potentialAction\":[{\"@type\":\"ReadAction\",\"target\":[\"https:\\\/\\\/sicintelligence.com\\\/about\\\/\"]}]},{\"@type\":\"BreadcrumbList\",\"@id\":\"https:\\\/\\\/sicintelligence.com\\\/about\\\/#breadcrumb\",\"itemListElement\":[{\"@type\":\"ListItem\",\"position\":1,\"name\":\"Home\",\"item\":\"https:\\\/\\\/sicintelligence.com\\\/\"},{\"@type\":\"ListItem\",\"position\":2,\"name\":\"About\"}]},{\"@type\":\"WebSite\",\"@id\":\"https:\\\/\\\/sicintelligence.com\\\/#website\",\"url\":\"https:\\\/\\\/sicintelligence.com\\\/\",\"name\":\"SIC\",\"description\":\"SECURITY  INTELLIGENCE  CYBER\",\"publisher\":{\"@id\":\"https:\\\/\\\/sicintelligence.com\\\/#organization\"},\"potentialAction\":[{\"@type\":\"SearchAction\",\"target\":{\"@type\":\"EntryPoint\",\"urlTemplate\":\"https:\\\/\\\/sicintelligence.com\\\/?s={search_term_string}\"},\"query-input\":{\"@type\":\"PropertyValueSpecification\",\"valueRequired\":true,\"valueName\":\"search_term_string\"}}],\"inLanguage\":\"fr-FR\"},{\"@type\":\"Organization\",\"@id\":\"https:\\\/\\\/sicintelligence.com\\\/#organization\",\"name\":\"SIC\",\"url\":\"https:\\\/\\\/sicintelligence.com\\\/\",\"logo\":{\"@type\":\"ImageObject\",\"inLanguage\":\"fr-FR\",\"@id\":\"https:\\\/\\\/sicintelligence.com\\\/#\\\/schema\\\/logo\\\/image\\\/\",\"url\":\"https:\\\/\\\/sicintelligence.com\\\/wp-content\\\/uploads\\\/2024\\\/03\\\/logo-main.png\",\"contentUrl\":\"https:\\\/\\\/sicintelligence.com\\\/wp-content\\\/uploads\\\/2024\\\/03\\\/logo-main.png\",\"width\":800,\"height\":800,\"caption\":\"SIC\"},\"image\":{\"@id\":\"https:\\\/\\\/sicintelligence.com\\\/#\\\/schema\\\/logo\\\/image\\\/\"}}]}<\/script>\n<!-- \/ Yoast SEO plugin. -->","yoast_head_json":{"title":"About - SIC About","description":"intelligence agency, business intelligence, intelligence agency Europe and worldwide, private intelligence agency, private investigation. SIC, sicintelligence","robots":{"index":"index","follow":"follow","max-snippet":"max-snippet:-1","max-image-preview":"max-image-preview:large","max-video-preview":"max-video-preview:-1"},"canonical":"https:\/\/sicintelligence.com\/fr\/about\/","og_locale":"fr_FR","og_type":"article","og_title":"About - SIC About","og_description":"intelligence agency, business intelligence, intelligence agency Europe and worldwide, private intelligence agency, private investigation. SIC, sicintelligence","og_url":"https:\/\/sicintelligence.com\/fr\/about\/","og_site_name":"SIC","article_modified_time":"2022-07-25T12:45:33+00:00","twitter_card":"summary_large_image","twitter_misc":{"Dur\u00e9e de lecture estim\u00e9e":"1 minute"},"schema":{"@context":"https:\/\/schema.org","@graph":[{"@type":"WebPage","@id":"https:\/\/sicintelligence.com\/about\/","url":"https:\/\/sicintelligence.com\/about\/","name":"About - SIC About","isPartOf":{"@id":"https:\/\/sicintelligence.com\/#website"},"datePublished":"2022-05-29T09:26:56+00:00","dateModified":"2022-07-25T12:45:33+00:00","description":"intelligence agency, business intelligence, intelligence agency Europe and worldwide, private intelligence agency, private investigation. SIC, sicintelligence","breadcrumb":{"@id":"https:\/\/sicintelligence.com\/about\/#breadcrumb"},"inLanguage":"fr-FR","potentialAction":[{"@type":"ReadAction","target":["https:\/\/sicintelligence.com\/about\/"]}]},{"@type":"BreadcrumbList","@id":"https:\/\/sicintelligence.com\/about\/#breadcrumb","itemListElement":[{"@type":"ListItem","position":1,"name":"Home","item":"https:\/\/sicintelligence.com\/"},{"@type":"ListItem","position":2,"name":"About"}]},{"@type":"WebSite","@id":"https:\/\/sicintelligence.com\/#website","url":"https:\/\/sicintelligence.com\/","name":"SCI","description":"RENSEIGNEMENT DE S\u00c9CURIT\u00c9 CYBER","publisher":{"@id":"https:\/\/sicintelligence.com\/#organization"},"potentialAction":[{"@type":"SearchAction","target":{"@type":"EntryPoint","urlTemplate":"https:\/\/sicintelligence.com\/?s={search_term_string}"},"query-input":{"@type":"PropertyValueSpecification","valueRequired":true,"valueName":"search_term_string"}}],"inLanguage":"fr-FR"},{"@type":"Organization","@id":"https:\/\/sicintelligence.com\/#organization","name":"SCI","url":"https:\/\/sicintelligence.com\/","logo":{"@type":"ImageObject","inLanguage":"fr-FR","@id":"https:\/\/sicintelligence.com\/#\/schema\/logo\/image\/","url":"https:\/\/sicintelligence.com\/wp-content\/uploads\/2024\/03\/logo-main.png","contentUrl":"https:\/\/sicintelligence.com\/wp-content\/uploads\/2024\/03\/logo-main.png","width":800,"height":800,"caption":"SIC"},"image":{"@id":"https:\/\/sicintelligence.com\/#\/schema\/logo\/image\/"}}]}},"_links":{"self":[{"href":"https:\/\/sicintelligence.com\/fr\/wp-json\/wp\/v2\/pages\/19","targetHints":{"allow":["GET"]}}],"collection":[{"href":"https:\/\/sicintelligence.com\/fr\/wp-json\/wp\/v2\/pages"}],"about":[{"href":"https:\/\/sicintelligence.com\/fr\/wp-json\/wp\/v2\/types\/page"}],"author":[{"embeddable":true,"href":"https:\/\/sicintelligence.com\/fr\/wp-json\/wp\/v2\/users\/1"}],"replies":[{"embeddable":true,"href":"https:\/\/sicintelligence.com\/fr\/wp-json\/wp\/v2\/comments?post=19"}],"version-history":[{"count":96,"href":"https:\/\/sicintelligence.com\/fr\/wp-json\/wp\/v2\/pages\/19\/revisions"}],"predecessor-version":[{"id":1593,"href":"https:\/\/sicintelligence.com\/fr\/wp-json\/wp\/v2\/pages\/19\/revisions\/1593"}],"wp:attachment":[{"href":"https:\/\/sicintelligence.com\/fr\/wp-json\/wp\/v2\/media?parent=19"}],"curies":[{"name":"wp","href":"https:\/\/api.w.org\/{rel}","templated":true}]}}